{"id":2406,"date":"2025-06-15T10:48:53","date_gmt":"2025-06-15T13:48:53","guid":{"rendered":"https:\/\/wpbakery.thembay.com\/cena\/?page_id=2406"},"modified":"2025-06-15T10:59:32","modified_gmt":"2025-06-15T13:59:32","slug":"politica-de-devolucao","status":"publish","type":"page","link":"https:\/\/ver-o-peso.com\/pt\/politica-de-devolucao\/","title":{"rendered":"Pol\u00edtica de Devolu\u00e7\u00e3o"},"content":{"rendered":"\r\n\r\n\r\n<h3>Vis\u00e3o geral<\/h3>\r\n<p>Nossa pol\u00edtica de reembolso e devolu\u00e7\u00e3o tem dura\u00e7\u00e3o de 30 dias. Se j\u00e1 se passaram 30 dias desde a sua compra, n\u00e3o podemos oferecer reembolso total ou troca.<\/p>\r\n<p>Para poder devolver, o item deve estar sem uso e nas mesmas condi\u00e7\u00f5es em que voc\u00ea o recebeu. Ele tamb\u00e9m deve estar na embalagem original.<\/p>\r\n<p>Diversos tipos de produtos est\u00e3o isentos de devolu\u00e7\u00e3o. Produtos perec\u00edveis, como alimentos, flores, jornais ou revistas, n\u00e3o podem ser devolvidos. Tamb\u00e9m n\u00e3o aceitamos produtos \u00edntimos ou de higiene, materiais perigosos ou l\u00edquidos ou gases inflam\u00e1veis.<\/p>\r\n<p>Itens adicionais n\u00e3o retorn\u00e1veis:<\/p>\r\n<p>Cart\u00f5es-presente<br \/>Softwares para download<br \/>Alguns itens de sa\u00fade e cuidados pessoais<\/p>\r\n<p>Para concluir sua devolu\u00e7\u00e3o, solicitamos um recibo ou comprovante de compra.<\/p>\r\n<p>N\u00e3o devolva sua compra ao fabricante.<\/p>\r\n<p>Existem certas situa\u00e7\u00f5es em que apenas reembolsos parciais s\u00e3o concedidos:<\/p>\r\n<p>Livro com sinais evidentes de uso<br \/>CD, DVD, fita VHS, software, videogame, fita cassete ou disco de vinil que tenha sido aberto. Qualquer item que n\u00e3o esteja em sua condi\u00e7\u00e3o original, esteja danificado ou com pe\u00e7as faltando por motivos que n\u00e3o sejam decorrentes de erro nosso.<br \/>Qualquer item devolvido mais de 30 dias ap\u00f3s a entrega<\/p>\r\n\r\n\r\n\r\n<h3>Reembolsos<\/h3>\r\n<p>Assim que sua devolu\u00e7\u00e3o for recebida e verificada, enviaremos um e-mail para notific\u00e1-lo de que recebemos o item devolvido. Tamb\u00e9m o notificaremos sobre a aprova\u00e7\u00e3o ou rejei\u00e7\u00e3o do seu reembolso.<\/p>\r\n<p>Se for aprovado, seu reembolso ser\u00e1 processado e um cr\u00e9dito ser\u00e1 aplicado automaticamente ao seu cart\u00e3o de cr\u00e9dito ou m\u00e9todo de pagamento original, dentro de um determinado n\u00famero de dias.<\/p>\r\n<h4>Reembolsos atrasados \u200b\u200bou ausentes<\/h4>\r\n<p>Se voc\u00ea ainda n\u00e3o recebeu um reembolso, primeiro verifique sua conta banc\u00e1ria novamente.<\/p>\r\n<p>Em seguida, entre em contato com a administradora do seu cart\u00e3o de cr\u00e9dito. Pode levar algum tempo at\u00e9 que o reembolso seja oficialmente creditado.<\/p>\r\n<p>Em seguida, entre em contato com seu banco. Geralmente, h\u00e1 um tempo de processamento antes que um reembolso seja creditado.<\/p>\r\n<p>Se voc\u00ea fez tudo isso e ainda n\u00e3o recebeu seu reembolso, entre em contato conosco pelo e-mail {endere\u00e7o de e-mail}.<\/p>\r\n<h4>Itens em promo\u00e7\u00e3o<\/h4>\r\n<p>Somente itens com pre\u00e7o normal podem ser reembolsados. Itens em promo\u00e7\u00e3o n\u00e3o podem ser reembolsados.<\/p>\r\n\r\n\r\n\r\n<h3>Trocas<\/h3>\r\n<p>S\u00f3 substitu\u00edmos itens com defeito ou danificados. Se precisar troc\u00e1-lo pelo mesmo item, envie um e-mail para {endere\u00e7o de e-mail} e envie seu item para: Passagem Santo Ant\u00f4nio, 152, Pedreira, Bel\u00e9m, Par\u00e1, CEP: 66080-480.<\/p>\r\n\r\n\r\n\r\n<h3>Presentes<\/h3>\r\n<p>Se o item foi marcado como presente no momento da compra e enviado diretamente para voc\u00ea, voc\u00ea receber\u00e1 um vale-presente no valor da sua devolu\u00e7\u00e3o. Assim que o item devolvido for recebido, um vale-presente ser\u00e1 enviado para voc\u00ea.<\/p>\r\n<p>Se o item n\u00e3o foi marcado como presente no momento da compra, ou se o presenteador enviou o pedido para si mesmo para entreg\u00e1-lo a voc\u00ea posteriormente, enviaremos um reembolso ao presenteador e ele ser\u00e1 informado sobre a sua devolu\u00e7\u00e3o.<\/p>\r\n\r\n\r\n\r\n<h3>Devolu\u00e7\u00f5es<\/h3>\r\n<p>Para devolver o seu produto, voc\u00ea deve envi\u00e1-lo para: {endere\u00e7o f\u00edsico}.<\/p>\r\n<p>Voc\u00ea ser\u00e1 respons\u00e1vel pelo pagamento dos custos de envio para a devolu\u00e7\u00e3o do item. Os custos de envio n\u00e3o s\u00e3o reembols\u00e1veis. Se voc\u00ea receber um reembolso, o custo do frete de devolu\u00e7\u00e3o ser\u00e1 deduzido do seu reembolso.<\/p>\r\n<p>O tempo de entrega do produto trocado pode variar dependendo de onde voc\u00ea mora.<\/p>\r\n<p>Se voc\u00ea estiver devolvendo itens mais caros, considere usar um servi\u00e7o de entrega com rastreamento ou adquirir um seguro de envio. N\u00e3o garantimos o recebimento do seu item devolvido.<\/p>\r\n\r\n\r\n\r\n<p>Precisa de ajuda?<\/p>\r\n<p>Entre em contato conosco pelo e-mail info@ver-o-peso.com para perguntas relacionadas a reembolsos e devolu\u00e7\u00f5es.<\/p>\r\n","protected":false},"excerpt":{"rendered":"<p>Vis\u00e3o geral Nossa pol\u00edtica de reembolso e devolu\u00e7\u00e3o tem dura\u00e7\u00e3o de 30 dias. Se j\u00e1 se passaram 30 dias desde a sua compra, n\u00e3o podemos oferecer reembolso total ou troca. Para poder devolver, o item deve estar sem uso e nas mesmas condi\u00e7\u00f5es em que voc\u00ea o recebeu. Ele tamb\u00e9m deve estar na embalagem original. &hellip; <a href=\"https:\/\/ver-o-peso.com\/pt\/politica-de-devolucao\/\" class=\"more-link\">Continuar lendo <span class=\"screen-reader-text\">Pol\u00edtica de Devolu\u00e7\u00e3o<\/span><\/a><\/p>\n","protected":false},"author":1,"featured_media":0,"parent":0,"menu_order":0,"comment_status":"closed","ping_status":"closed","template":"","meta":{"footnotes":""},"class_list":["post-2406","page","type-page","status-publish","hentry"],"yoast_head":"<!-- This site is optimized with the Yoast SEO Premium plugin v25.3 (Yoast SEO v25.9) - https:\/\/yoast.com\/wordpress\/plugins\/seo\/ -->\n<title>Pol\u00edtica de Devolu\u00e7\u00e3o - Ver-o-peso<\/title>\n<meta name=\"robots\" content=\"index, follow, max-snippet:-1, max-image-preview:large, max-video-preview:-1\" \/>\n<link rel=\"canonical\" href=\"https:\/\/ver-o-peso.com\/pt\/politica-de-devolucao\/\" \/>\n<meta property=\"og:locale\" content=\"pt_BR\" \/>\n<meta property=\"og:type\" content=\"article\" \/>\n<meta property=\"og:title\" content=\"Pol\u00edtica de Devolu\u00e7\u00e3o\" \/>\n<meta property=\"og:description\" content=\"Vis\u00e3o geral Nossa pol\u00edtica de reembolso e devolu\u00e7\u00e3o tem dura\u00e7\u00e3o de 30 dias. Se j\u00e1 se passaram 30 dias desde a sua compra, n\u00e3o podemos oferecer reembolso total ou troca. Para poder devolver, o item deve estar sem uso e nas mesmas condi\u00e7\u00f5es em que voc\u00ea o recebeu. Ele tamb\u00e9m deve estar na embalagem original. &hellip; Continuar lendo Pol\u00edtica de Devolu\u00e7\u00e3o\" \/>\n<meta property=\"og:url\" content=\"https:\/\/ver-o-peso.com\/pt\/politica-de-devolucao\/\" \/>\n<meta property=\"og:site_name\" content=\"Ver-o-peso\" \/>\n<meta property=\"article:publisher\" content=\"https:\/\/fecebook.com\/jose.oliveira.913296\" \/>\n<meta property=\"article:modified_time\" content=\"2025-06-15T13:59:32+00:00\" \/>\n<meta name=\"twitter:card\" content=\"summary_large_image\" \/>\n<meta name=\"twitter:label1\" content=\"Est. tempo de leitura\" \/>\n\t<meta name=\"twitter:data1\" content=\"3 minutos\" \/>\n<script type=\"application\/ld+json\" class=\"yoast-schema-graph\">{\"@context\":\"https:\/\/schema.org\",\"@graph\":[{\"@type\":\"WebPage\",\"@id\":\"https:\/\/ver-o-peso.com\/pt\/politica-de-devolucao\/\",\"url\":\"https:\/\/ver-o-peso.com\/pt\/politica-de-devolucao\/\",\"name\":\"Pol\u00edtica de Devolu\u00e7\u00e3o - Ver-o-peso\",\"isPartOf\":{\"@id\":\"https:\/\/ver-o-peso.com\/pt\/#website\"},\"datePublished\":\"2025-06-15T13:48:53+00:00\",\"dateModified\":\"2025-06-15T13:59:32+00:00\",\"breadcrumb\":{\"@id\":\"https:\/\/ver-o-peso.com\/pt\/politica-de-devolucao\/#breadcrumb\"},\"inLanguage\":\"pt-BR\",\"potentialAction\":[{\"@type\":\"ReadAction\",\"target\":[\"https:\/\/ver-o-peso.com\/pt\/politica-de-devolucao\/\"]}]},{\"@type\":\"BreadcrumbList\",\"@id\":\"https:\/\/ver-o-peso.com\/pt\/politica-de-devolucao\/#breadcrumb\",\"itemListElement\":[{\"@type\":\"ListItem\",\"position\":1,\"name\":\"In\u00edcio\",\"item\":\"https:\/\/ver-o-peso.com\/pt\/\"},{\"@type\":\"ListItem\",\"position\":2,\"name\":\"Pol\u00edtica de Devolu\u00e7\u00e3o\"}]},{\"@type\":\"WebSite\",\"@id\":\"https:\/\/ver-o-peso.com\/pt\/#website\",\"url\":\"https:\/\/ver-o-peso.com\/pt\/\",\"name\":\"Ver-o-peso\",\"description\":\"Aqui tem de tudo da Amaz\u00f4nia\",\"publisher\":{\"@id\":\"https:\/\/ver-o-peso.com\/pt\/#organization\"},\"potentialAction\":[{\"@type\":\"SearchAction\",\"target\":{\"@type\":\"EntryPoint\",\"urlTemplate\":\"https:\/\/ver-o-peso.com\/pt\/?s={search_term_string}\"},\"query-input\":{\"@type\":\"PropertyValueSpecification\",\"valueRequired\":true,\"valueName\":\"search_term_string\"}}],\"inLanguage\":\"pt-BR\"},{\"@type\":\"Organization\",\"@id\":\"https:\/\/ver-o-peso.com\/pt\/#organization\",\"name\":\"Ver-o-peso\",\"url\":\"https:\/\/ver-o-peso.com\/pt\/\",\"logo\":{\"@type\":\"ImageObject\",\"inLanguage\":\"pt-BR\",\"@id\":\"https:\/\/ver-o-peso.com\/pt\/#\/schema\/logo\/image\/\",\"url\":\"https:\/\/ver-o-peso.com\/pt\/wp-content\/uploads\/2025\/05\/Logo-3.png\",\"contentUrl\":\"https:\/\/ver-o-peso.com\/pt\/wp-content\/uploads\/2025\/05\/Logo-3.png\",\"width\":210,\"height\":118,\"caption\":\"Ver-o-peso\"},\"image\":{\"@id\":\"https:\/\/ver-o-peso.com\/pt\/#\/schema\/logo\/image\/\"},\"sameAs\":[\"https:\/\/fecebook.com\/jose.oliveira.913296\",\"https:\/\/instagram.com\/riba.lages\",\"https:\/\/tiktok.com\/veropeso2025\"]}]}<\/script>\n<!-- \/ Yoast SEO Premium plugin. -->","yoast_head_json":{"title":"Pol\u00edtica de Devolu\u00e7\u00e3o - Ver-o-peso","robots":{"index":"index","follow":"follow","max-snippet":"max-snippet:-1","max-image-preview":"max-image-preview:large","max-video-preview":"max-video-preview:-1"},"canonical":"https:\/\/ver-o-peso.com\/pt\/politica-de-devolucao\/","og_locale":"pt_BR","og_type":"article","og_title":"Pol\u00edtica de Devolu\u00e7\u00e3o","og_description":"Vis\u00e3o geral Nossa pol\u00edtica de reembolso e devolu\u00e7\u00e3o tem dura\u00e7\u00e3o de 30 dias. Se j\u00e1 se passaram 30 dias desde a sua compra, n\u00e3o podemos oferecer reembolso total ou troca. Para poder devolver, o item deve estar sem uso e nas mesmas condi\u00e7\u00f5es em que voc\u00ea o recebeu. Ele tamb\u00e9m deve estar na embalagem original. &hellip; Continuar lendo Pol\u00edtica de Devolu\u00e7\u00e3o","og_url":"https:\/\/ver-o-peso.com\/pt\/politica-de-devolucao\/","og_site_name":"Ver-o-peso","article_publisher":"https:\/\/fecebook.com\/jose.oliveira.913296","article_modified_time":"2025-06-15T13:59:32+00:00","twitter_card":"summary_large_image","twitter_misc":{"Est. tempo de leitura":"3 minutos"},"schema":{"@context":"https:\/\/schema.org","@graph":[{"@type":"WebPage","@id":"https:\/\/ver-o-peso.com\/pt\/politica-de-devolucao\/","url":"https:\/\/ver-o-peso.com\/pt\/politica-de-devolucao\/","name":"Pol\u00edtica de Devolu\u00e7\u00e3o - Ver-o-peso","isPartOf":{"@id":"https:\/\/ver-o-peso.com\/pt\/#website"},"datePublished":"2025-06-15T13:48:53+00:00","dateModified":"2025-06-15T13:59:32+00:00","breadcrumb":{"@id":"https:\/\/ver-o-peso.com\/pt\/politica-de-devolucao\/#breadcrumb"},"inLanguage":"pt-BR","potentialAction":[{"@type":"ReadAction","target":["https:\/\/ver-o-peso.com\/pt\/politica-de-devolucao\/"]}]},{"@type":"BreadcrumbList","@id":"https:\/\/ver-o-peso.com\/pt\/politica-de-devolucao\/#breadcrumb","itemListElement":[{"@type":"ListItem","position":1,"name":"In\u00edcio","item":"https:\/\/ver-o-peso.com\/pt\/"},{"@type":"ListItem","position":2,"name":"Pol\u00edtica de Devolu\u00e7\u00e3o"}]},{"@type":"WebSite","@id":"https:\/\/ver-o-peso.com\/pt\/#website","url":"https:\/\/ver-o-peso.com\/pt\/","name":"Ver-o-peso","description":"Aqui tem de tudo da Amaz\u00f4nia","publisher":{"@id":"https:\/\/ver-o-peso.com\/pt\/#organization"},"potentialAction":[{"@type":"SearchAction","target":{"@type":"EntryPoint","urlTemplate":"https:\/\/ver-o-peso.com\/pt\/?s={search_term_string}"},"query-input":{"@type":"PropertyValueSpecification","valueRequired":true,"valueName":"search_term_string"}}],"inLanguage":"pt-BR"},{"@type":"Organization","@id":"https:\/\/ver-o-peso.com\/pt\/#organization","name":"Ver-o-peso","url":"https:\/\/ver-o-peso.com\/pt\/","logo":{"@type":"ImageObject","inLanguage":"pt-BR","@id":"https:\/\/ver-o-peso.com\/pt\/#\/schema\/logo\/image\/","url":"https:\/\/ver-o-peso.com\/pt\/wp-content\/uploads\/2025\/05\/Logo-3.png","contentUrl":"https:\/\/ver-o-peso.com\/pt\/wp-content\/uploads\/2025\/05\/Logo-3.png","width":210,"height":118,"caption":"Ver-o-peso"},"image":{"@id":"https:\/\/ver-o-peso.com\/pt\/#\/schema\/logo\/image\/"},"sameAs":["https:\/\/fecebook.com\/jose.oliveira.913296","https:\/\/instagram.com\/riba.lages","https:\/\/tiktok.com\/veropeso2025"]}]}},"_links":{"self":[{"href":"https:\/\/ver-o-peso.com\/pt\/wp-json\/wp\/v2\/pages\/2406","targetHints":{"allow":["GET"]}}],"collection":[{"href":"https:\/\/ver-o-peso.com\/pt\/wp-json\/wp\/v2\/pages"}],"about":[{"href":"https:\/\/ver-o-peso.com\/pt\/wp-json\/wp\/v2\/types\/page"}],"author":[{"embeddable":true,"href":"https:\/\/ver-o-peso.com\/pt\/wp-json\/wp\/v2\/users\/1"}],"replies":[{"embeddable":true,"href":"https:\/\/ver-o-peso.com\/pt\/wp-json\/wp\/v2\/comments?post=2406"}],"version-history":[{"count":8,"href":"https:\/\/ver-o-peso.com\/pt\/wp-json\/wp\/v2\/pages\/2406\/revisions"}],"predecessor-version":[{"id":2801,"href":"https:\/\/ver-o-peso.com\/pt\/wp-json\/wp\/v2\/pages\/2406\/revisions\/2801"}],"wp:attachment":[{"href":"https:\/\/ver-o-peso.com\/pt\/wp-json\/wp\/v2\/media?parent=2406"}],"curies":[{"name":"wp","href":"https:\/\/api.w.org\/{rel}","templated":true}]}}