{"id":531,"date":"2016-06-15T00:24:04","date_gmt":"2016-06-15T00:24:04","guid":{"rendered":"https:\/\/wpbakery.thembay.com\/cena\/?page_id=531"},"modified":"2025-06-15T08:18:48","modified_gmt":"2025-06-15T11:18:48","slug":"sobre-nos","status":"publish","type":"page","link":"https:\/\/ver-o-peso.com\/pt\/sobre-nos\/","title":{"rendered":"Sobre N\u00f3s"},"content":{"rendered":"<div class=\"wpb-content-wrapper\"><p>[vc_row css=&#8221;.vc_custom_1504682859431{padding-top: 11px !important;}&#8221;][vc_column el_class=&#8221;center&#8221;][vc_single_image image=&#8221;2460&#8243; img_size=&#8221;full&#8221; alignment=&#8221;center&#8221; css_animation=&#8221;fadeInUp&#8221; css=&#8221;.vc_custom_1749985228601{padding-top: 10px !important;padding-right: 10px !important;padding-bottom: 10px !important;padding-left: 10px !important;}&#8221; el_class=&#8221;no-link&#8221;][vc_column_text css_animation=&#8221;fadeInUp&#8221; css=&#8221;.vc_custom_1749985138091{margin-top: 12px !important;margin-bottom: 46px !important;}&#8221; el_class=&#8221;text-center&#8221;]<\/p>\n<div class=\"about-testimonials\"><i>&#8220;O Mercado Ver-o-Peso, em Bel\u00e9m, \u00e9 um vibrante ponto de encontro onde a cultura amaz\u00f4nica pulsa forte, oferecendo uma profus\u00e3o de cores, sabores e saberes regionais.&#8221;<\/i><\/div>\n<p>[\/vc_column_text][tbay_title_heading title=&#8221;Sobre o Ver-o-peso&#8221; buttons=&#8221;btn-default btn-outline&#8221; buttons2=&#8221;btn-default btn-outline&#8221; style=&#8221;style5&#8243; el_class=&#8221;title_underlined text-center&#8221;][vc_column_text css_animation=&#8221;fadeInUp&#8221; css=&#8221;.vc_custom_1749985318135{padding-top: 10px !important;padding-right: 50px !important;padding-left: 50px !important;}&#8221; el_class=&#8221;text-center&#8221;]<\/p>\n<div class=\"about-sub\">\n<hr data-sourcepos=\"1:1-1:3\" \/>\n<h2 data-sourcepos=\"2:1-2:53\">O Cora\u00e7\u00e3o Pulsante da Amaz\u00f4nia: Mercado Ver-o-Peso<\/h2>\n<p data-sourcepos=\"4:1-4:827\">O <strong>Mercado Ver-o-Peso<\/strong> \u00e9 muito mais que um simples centro comercial; \u00e9 o verdadeiro cora\u00e7\u00e3o de Bel\u00e9m e um dos maiores e mais antigos mercados ao ar livre da Am\u00e9rica Latina. Situado \u00e0s margens da Ba\u00eda do Guajar\u00e1, ele \u00e9 um microcosmo vibrante da cultura amaz\u00f4nica, onde a diversidade da regi\u00e3o se manifesta em uma explos\u00e3o de cores, aromas e sons. Caminhar por suas vielas \u00e9 mergulhar em um universo de saberes ancestrais, encontrando desde uma infinidade de peixes frescos rec\u00e9m-pescados, ervas medicinais e temperos ex\u00f3ticos, at\u00e9 frutas tropicais de formas e sabores inusitados. Os barcos que chegam diariamente, carregados com produtos vindos dos rios e ilhas, refor\u00e7am a conex\u00e3o intr\u00ednseca do mercado com a floresta e seus habitantes, tornando o Ver-o-Peso um testemunho vivo da riqueza e da complexidade da vida amaz\u00f4nica.<\/p>\n<\/div>\n<p>[\/vc_column_text][vc_row_inner css=&#8221;.vc_custom_1504686619466{margin-top: 10px !important;margin-bottom: 30px !important;}&#8221;][vc_column_inner width=&#8221;1\/2&#8243;][vc_single_image image=&#8221;2746&#8243; img_size=&#8221;580&#215;450&#8243; css_animation=&#8221;fadeInUp&#8221; css=&#8221;&#8221; el_class=&#8221;no-link&#8221;][\/vc_column_inner][vc_column_inner width=&#8221;1\/2&#8243; offset=&#8221;vc_col-lg-3 vc_col-md-6&#8243;][vc_single_image image=&#8221;2748&#8243; img_size=&#8221;285&#215;220&#8243; css_animation=&#8221;fadeInUp&#8221; css=&#8221;.vc_custom_1749985875862{margin-bottom: 20px !important;}&#8221; el_class=&#8221;no-link&#8221;][vc_single_image image=&#8221;2750&#8243; img_size=&#8221;285&#215;220&#8243; css_animation=&#8221;fadeInUp&#8221; css=&#8221;&#8221; el_class=&#8221;no-link&#8221;][\/vc_column_inner][vc_column_inner width=&#8221;1\/2&#8243; offset=&#8221;vc_col-lg-3 vc_col-md-6&#8243;][vc_single_image image=&#8221;1526&#8243; img_size=&#8221;full&#8221; css_animation=&#8221;fadeInUp&#8221; css=&#8221;.vc_custom_1504686604410{margin-bottom: 20px !important;}&#8221; el_class=&#8221;no-link&#8221;][vc_single_image image=&#8221;2753&#8243; img_size=&#8221;full&#8221; css_animation=&#8221;fadeInUp&#8221; css=&#8221;&#8221; el_class=&#8221;no-link&#8221;][\/vc_column_inner][\/vc_row_inner][tbay_title_heading title=&#8221;Por que nos escolher?&#8221; buttons=&#8221;btn-default btn-outline&#8221; buttons2=&#8221;btn-default btn-outline&#8221; style=&#8221;style5&#8243; el_class=&#8221;title_underlined text-center&#8221;][vc_column_text css_animation=&#8221;fadeInUp&#8221; css=&#8221;.vc_custom_1749986249710{padding-top: 10px !important;padding-right: 50px !important;padding-left: 50px !important;}&#8221; el_class=&#8221;text-center&#8221;]<\/p>\n<div class=\"about-sub\">\n<hr data-sourcepos=\"1:1-1:3\" \/>\n<h2 data-sourcepos=\"2:1-2:52\">Por Que Escolher Produtos Naturais do Ver-o-Peso?<\/h2>\n<p data-sourcepos=\"4:1-4:881\">Escolher os <strong>produtos naturais do Ver-o-Peso<\/strong> significa optar por uma conex\u00e3o aut\u00eantica com a riqueza da Amaz\u00f4nia, diretamente da fonte. Aqui, voc\u00ea encontra uma variedade sem igual de <strong>frutas regionais frescas<\/strong>, muitas delas exclusivas da regi\u00e3o, como a\u00e7a\u00ed, cupua\u00e7u, bacuri e tapereb\u00e1, colhidas por produtores locais e vendidas no auge de seu frescor e sabor. Al\u00e9m disso, o mercado \u00e9 um reposit\u00f3rio de <strong>ervas medicinais e \u00f3leos naturais<\/strong>, utilizados h\u00e1 gera\u00e7\u00f5es pelos povos da floresta em rituais de cura e bem-estar, oferecendo alternativas naturais para sa\u00fade e beleza.<\/p>\n<\/div>\n<p>[\/vc_column_text][vc_column_text css_animation=&#8221;fadeInUp&#8221; css=&#8221;.vc_custom_1749986264324{padding-top: 10px !important;padding-right: 50px !important;padding-left: 50px !important;}&#8221; el_class=&#8221;text-center&#8221;]<\/p>\n<div class=\"about-sub bold\">Ao comprar no Ver-o-Peso, voc\u00ea n\u00e3o s\u00f3 adquire itens de alta qualidade e com o verdadeiro sabor amaz\u00f4nico, mas tamb\u00e9m <strong>apoia diretamente a economia local<\/strong> e os pequenos agricultores e extrativistas que vivem em harmonia com a floresta, garantindo a preserva\u00e7\u00e3o de tradi\u00e7\u00f5es e o sustento de comunidades.<\/div>\n<p>[\/vc_column_text][vc_column_text css_animation=&#8221;fadeInUp&#8221; css=&#8221;.vc_custom_1749986319397{padding-top: 10px !important;padding-right: 50px !important;padding-left: 50px !important;}&#8221; el_class=&#8221;text-center&#8221;]<\/p>\n<div class=\"about-sub bold\">\n<hr data-sourcepos=\"1:1-1:3\" \/>\n<p data-sourcepos=\"2:1-2:183\">No <strong>Ver-o-Peso<\/strong>, cada esquina revela um peda\u00e7o da alma paraense, onde o passado e o presente se misturam em uma sinfonia de cheiros, cores e vozes que contam a hist\u00f3ria da Amaz\u00f4nia.<\/p>\n<\/div>\n<p>[\/vc_column_text][\/vc_column][\/vc_row]<\/p>\n<\/div>","protected":false},"excerpt":{"rendered":"<p>[vc_row css=&#8221;.vc_custom_1504682859431{padding-top: 11px !important;}&#8221;][vc_column el_class=&#8221;center&#8221;][vc_single_image image=&#8221;2460&#8243; img_size=&#8221;full&#8221; alignment=&#8221;center&#8221; css_animation=&#8221;fadeInUp&#8221; css=&#8221;.vc_custom_1749985228601{padding-top: 10px !important;padding-right: 10px !important;padding-bottom: 10px !important;padding-left: 10px !important;}&#8221; el_class=&#8221;no-link&#8221;][vc_column_text css_animation=&#8221;fadeInUp&#8221; css=&#8221;.vc_custom_1749985138091{margin-top: 12px !important;margin-bottom: 46px !important;}&#8221; el_class=&#8221;text-center&#8221;] &#8220;O Mercado Ver-o-Peso, em Bel\u00e9m, \u00e9 um vibrante ponto de encontro onde a cultura amaz\u00f4nica pulsa forte, oferecendo uma profus\u00e3o de cores, sabores e saberes regionais.&#8221; [\/vc_column_text][tbay_title_heading title=&#8221;Sobre o &hellip; <a href=\"https:\/\/ver-o-peso.com\/pt\/sobre-nos\/\" class=\"more-link\">Continuar lendo <span class=\"screen-reader-text\">Sobre N\u00f3s<\/span><\/a><\/p>\n","protected":false},"author":1,"featured_media":0,"parent":0,"menu_order":0,"comment_status":"closed","ping_status":"closed","template":"","meta":{"footnotes":""},"class_list":["post-531","page","type-page","status-publish","hentry"],"yoast_head":"<!-- This site is optimized with the Yoast SEO Premium plugin v25.3 (Yoast SEO v25.9) - https:\/\/yoast.com\/wordpress\/plugins\/seo\/ -->\n<title>Sobre N\u00f3s - Ver-o-peso<\/title>\n<meta name=\"robots\" content=\"index, follow, max-snippet:-1, max-image-preview:large, max-video-preview:-1\" \/>\n<link rel=\"canonical\" href=\"https:\/\/ver-o-peso.com\/pt\/sobre-nos\/\" \/>\n<meta property=\"og:locale\" content=\"pt_BR\" \/>\n<meta property=\"og:type\" content=\"article\" \/>\n<meta property=\"og:title\" content=\"Sobre N\u00f3s\" \/>\n<meta property=\"og:description\" content=\"[vc_row css=&#8221;.vc_custom_1504682859431{padding-top: 11px !important;}&#8221;][vc_column el_class=&#8221;center&#8221;][vc_single_image image=&#8221;2460&#8243; img_size=&#8221;full&#8221; alignment=&#8221;center&#8221; css_animation=&#8221;fadeInUp&#8221; css=&#8221;.vc_custom_1749985228601{padding-top: 10px !important;padding-right: 10px !important;padding-bottom: 10px !important;padding-left: 10px !important;}&#8221; el_class=&#8221;no-link&#8221;][vc_column_text css_animation=&#8221;fadeInUp&#8221; css=&#8221;.vc_custom_1749985138091{margin-top: 12px !important;margin-bottom: 46px !important;}&#8221; el_class=&#8221;text-center&#8221;] &#8220;O Mercado Ver-o-Peso, em Bel\u00e9m, \u00e9 um vibrante ponto de encontro onde a cultura amaz\u00f4nica pulsa forte, oferecendo uma profus\u00e3o de cores, sabores e saberes regionais.&#8221; [\/vc_column_text][tbay_title_heading title=&#8221;Sobre o &hellip; Continuar lendo Sobre N\u00f3s\" \/>\n<meta property=\"og:url\" content=\"https:\/\/ver-o-peso.com\/pt\/sobre-nos\/\" \/>\n<meta property=\"og:site_name\" content=\"Ver-o-peso\" \/>\n<meta property=\"article:publisher\" content=\"https:\/\/fecebook.com\/jose.oliveira.913296\" \/>\n<meta property=\"article:modified_time\" content=\"2025-06-15T11:18:48+00:00\" \/>\n<meta name=\"twitter:card\" content=\"summary_large_image\" \/>\n<meta name=\"twitter:label1\" content=\"Est. tempo de leitura\" \/>\n\t<meta name=\"twitter:data1\" content=\"4 minutos\" \/>\n<script type=\"application\/ld+json\" class=\"yoast-schema-graph\">{\"@context\":\"https:\/\/schema.org\",\"@graph\":[{\"@type\":\"WebPage\",\"@id\":\"https:\/\/ver-o-peso.com\/pt\/sobre-nos\/\",\"url\":\"https:\/\/ver-o-peso.com\/pt\/sobre-nos\/\",\"name\":\"Sobre N\u00f3s - Ver-o-peso\",\"isPartOf\":{\"@id\":\"https:\/\/ver-o-peso.com\/pt\/#website\"},\"datePublished\":\"2016-06-15T00:24:04+00:00\",\"dateModified\":\"2025-06-15T11:18:48+00:00\",\"breadcrumb\":{\"@id\":\"https:\/\/ver-o-peso.com\/pt\/sobre-nos\/#breadcrumb\"},\"inLanguage\":\"pt-BR\",\"potentialAction\":[{\"@type\":\"ReadAction\",\"target\":[\"https:\/\/ver-o-peso.com\/pt\/sobre-nos\/\"]}]},{\"@type\":\"BreadcrumbList\",\"@id\":\"https:\/\/ver-o-peso.com\/pt\/sobre-nos\/#breadcrumb\",\"itemListElement\":[{\"@type\":\"ListItem\",\"position\":1,\"name\":\"In\u00edcio\",\"item\":\"https:\/\/ver-o-peso.com\/pt\/\"},{\"@type\":\"ListItem\",\"position\":2,\"name\":\"Sobre N\u00f3s\"}]},{\"@type\":\"WebSite\",\"@id\":\"https:\/\/ver-o-peso.com\/pt\/#website\",\"url\":\"https:\/\/ver-o-peso.com\/pt\/\",\"name\":\"Ver-o-peso\",\"description\":\"Aqui tem de tudo da Amaz\u00f4nia\",\"publisher\":{\"@id\":\"https:\/\/ver-o-peso.com\/pt\/#organization\"},\"potentialAction\":[{\"@type\":\"SearchAction\",\"target\":{\"@type\":\"EntryPoint\",\"urlTemplate\":\"https:\/\/ver-o-peso.com\/pt\/?s={search_term_string}\"},\"query-input\":{\"@type\":\"PropertyValueSpecification\",\"valueRequired\":true,\"valueName\":\"search_term_string\"}}],\"inLanguage\":\"pt-BR\"},{\"@type\":\"Organization\",\"@id\":\"https:\/\/ver-o-peso.com\/pt\/#organization\",\"name\":\"Ver-o-peso\",\"url\":\"https:\/\/ver-o-peso.com\/pt\/\",\"logo\":{\"@type\":\"ImageObject\",\"inLanguage\":\"pt-BR\",\"@id\":\"https:\/\/ver-o-peso.com\/pt\/#\/schema\/logo\/image\/\",\"url\":\"https:\/\/ver-o-peso.com\/pt\/wp-content\/uploads\/2025\/05\/Logo-3.png\",\"contentUrl\":\"https:\/\/ver-o-peso.com\/pt\/wp-content\/uploads\/2025\/05\/Logo-3.png\",\"width\":210,\"height\":118,\"caption\":\"Ver-o-peso\"},\"image\":{\"@id\":\"https:\/\/ver-o-peso.com\/pt\/#\/schema\/logo\/image\/\"},\"sameAs\":[\"https:\/\/fecebook.com\/jose.oliveira.913296\",\"https:\/\/instagram.com\/riba.lages\",\"https:\/\/tiktok.com\/veropeso2025\"]}]}<\/script>\n<!-- \/ Yoast SEO Premium plugin. -->","yoast_head_json":{"title":"Sobre N\u00f3s - Ver-o-peso","robots":{"index":"index","follow":"follow","max-snippet":"max-snippet:-1","max-image-preview":"max-image-preview:large","max-video-preview":"max-video-preview:-1"},"canonical":"https:\/\/ver-o-peso.com\/pt\/sobre-nos\/","og_locale":"pt_BR","og_type":"article","og_title":"Sobre N\u00f3s","og_description":"[vc_row css=&#8221;.vc_custom_1504682859431{padding-top: 11px !important;}&#8221;][vc_column el_class=&#8221;center&#8221;][vc_single_image image=&#8221;2460&#8243; img_size=&#8221;full&#8221; alignment=&#8221;center&#8221; css_animation=&#8221;fadeInUp&#8221; css=&#8221;.vc_custom_1749985228601{padding-top: 10px !important;padding-right: 10px !important;padding-bottom: 10px !important;padding-left: 10px !important;}&#8221; el_class=&#8221;no-link&#8221;][vc_column_text css_animation=&#8221;fadeInUp&#8221; css=&#8221;.vc_custom_1749985138091{margin-top: 12px !important;margin-bottom: 46px !important;}&#8221; el_class=&#8221;text-center&#8221;] &#8220;O Mercado Ver-o-Peso, em Bel\u00e9m, \u00e9 um vibrante ponto de encontro onde a cultura amaz\u00f4nica pulsa forte, oferecendo uma profus\u00e3o de cores, sabores e saberes regionais.&#8221; [\/vc_column_text][tbay_title_heading title=&#8221;Sobre o &hellip; Continuar lendo Sobre N\u00f3s","og_url":"https:\/\/ver-o-peso.com\/pt\/sobre-nos\/","og_site_name":"Ver-o-peso","article_publisher":"https:\/\/fecebook.com\/jose.oliveira.913296","article_modified_time":"2025-06-15T11:18:48+00:00","twitter_card":"summary_large_image","twitter_misc":{"Est. tempo de leitura":"4 minutos"},"schema":{"@context":"https:\/\/schema.org","@graph":[{"@type":"WebPage","@id":"https:\/\/ver-o-peso.com\/pt\/sobre-nos\/","url":"https:\/\/ver-o-peso.com\/pt\/sobre-nos\/","name":"Sobre N\u00f3s - Ver-o-peso","isPartOf":{"@id":"https:\/\/ver-o-peso.com\/pt\/#website"},"datePublished":"2016-06-15T00:24:04+00:00","dateModified":"2025-06-15T11:18:48+00:00","breadcrumb":{"@id":"https:\/\/ver-o-peso.com\/pt\/sobre-nos\/#breadcrumb"},"inLanguage":"pt-BR","potentialAction":[{"@type":"ReadAction","target":["https:\/\/ver-o-peso.com\/pt\/sobre-nos\/"]}]},{"@type":"BreadcrumbList","@id":"https:\/\/ver-o-peso.com\/pt\/sobre-nos\/#breadcrumb","itemListElement":[{"@type":"ListItem","position":1,"name":"In\u00edcio","item":"https:\/\/ver-o-peso.com\/pt\/"},{"@type":"ListItem","position":2,"name":"Sobre N\u00f3s"}]},{"@type":"WebSite","@id":"https:\/\/ver-o-peso.com\/pt\/#website","url":"https:\/\/ver-o-peso.com\/pt\/","name":"Ver-o-peso","description":"Aqui tem de tudo da Amaz\u00f4nia","publisher":{"@id":"https:\/\/ver-o-peso.com\/pt\/#organization"},"potentialAction":[{"@type":"SearchAction","target":{"@type":"EntryPoint","urlTemplate":"https:\/\/ver-o-peso.com\/pt\/?s={search_term_string}"},"query-input":{"@type":"PropertyValueSpecification","valueRequired":true,"valueName":"search_term_string"}}],"inLanguage":"pt-BR"},{"@type":"Organization","@id":"https:\/\/ver-o-peso.com\/pt\/#organization","name":"Ver-o-peso","url":"https:\/\/ver-o-peso.com\/pt\/","logo":{"@type":"ImageObject","inLanguage":"pt-BR","@id":"https:\/\/ver-o-peso.com\/pt\/#\/schema\/logo\/image\/","url":"https:\/\/ver-o-peso.com\/pt\/wp-content\/uploads\/2025\/05\/Logo-3.png","contentUrl":"https:\/\/ver-o-peso.com\/pt\/wp-content\/uploads\/2025\/05\/Logo-3.png","width":210,"height":118,"caption":"Ver-o-peso"},"image":{"@id":"https:\/\/ver-o-peso.com\/pt\/#\/schema\/logo\/image\/"},"sameAs":["https:\/\/fecebook.com\/jose.oliveira.913296","https:\/\/instagram.com\/riba.lages","https:\/\/tiktok.com\/veropeso2025"]}]}},"_links":{"self":[{"href":"https:\/\/ver-o-peso.com\/pt\/wp-json\/wp\/v2\/pages\/531","targetHints":{"allow":["GET"]}}],"collection":[{"href":"https:\/\/ver-o-peso.com\/pt\/wp-json\/wp\/v2\/pages"}],"about":[{"href":"https:\/\/ver-o-peso.com\/pt\/wp-json\/wp\/v2\/types\/page"}],"author":[{"embeddable":true,"href":"https:\/\/ver-o-peso.com\/pt\/wp-json\/wp\/v2\/users\/1"}],"replies":[{"embeddable":true,"href":"https:\/\/ver-o-peso.com\/pt\/wp-json\/wp\/v2\/comments?post=531"}],"version-history":[{"count":9,"href":"https:\/\/ver-o-peso.com\/pt\/wp-json\/wp\/v2\/pages\/531\/revisions"}],"predecessor-version":[{"id":2755,"href":"https:\/\/ver-o-peso.com\/pt\/wp-json\/wp\/v2\/pages\/531\/revisions\/2755"}],"wp:attachment":[{"href":"https:\/\/ver-o-peso.com\/pt\/wp-json\/wp\/v2\/media?parent=531"}],"curies":[{"name":"wp","href":"https:\/\/api.w.org\/{rel}","templated":true}]}}